{"id":1028,"date":"2024-04-30T07:39:21","date_gmt":"2024-04-30T07:39:21","guid":{"rendered":"https:\/\/ihsc.fi\/?page_id=1028"},"modified":"2024-05-19T18:42:12","modified_gmt":"2024-05-19T18:42:12","slug":"colibri-1028","status":"publish","type":"page","link":"https:\/\/uusi.ihsc.fi\/?page_id=1028","title":{"rendered":"Leiri"},"content":{"rendered":"<div data-colibri-id=\"1028-c1\" class=\"style-448 style-local-1028-c1 position-relative\">\n  <!---->\n  <div data-colibri-component=\"section\" data-colibri-id=\"1028-c2\" id=\"custom-2\" class=\"h-section h-section-global-spacing d-flex align-items-lg-center align-items-md-center align-items-center style-481 style-local-1028-c2 position-relative\">\n    <!---->\n    <!---->\n    <div class=\"h-section-grid-container h-section-boxed-container\">\n      <!---->\n      <div data-colibri-id=\"1028-c3\" class=\"h-row-container gutters-row-lg-1 gutters-row-md-1 gutters-row-0 gutters-row-v-lg-1 gutters-row-v-md-1 gutters-row-v-1 style-482 style-local-1028-c3 position-relative\">\n        <!---->\n        <div class=\"h-row justify-content-lg-center justify-content-md-center justify-content-center align-items-lg-stretch align-items-md-stretch align-items-stretch gutters-col-lg-1 gutters-col-md-1 gutters-col-0 gutters-col-v-lg-1 gutters-col-v-md-1 gutters-col-v-1\">\n          <!---->\n          <div class=\"h-column h-column-container d-flex h-col-lg-auto h-col-md-auto h-col-auto style-483-outer style-local-1028-c4-outer\">\n            <div data-colibri-id=\"1028-c4\" class=\"d-flex h-flex-basis h-column__inner h-px-lg-2 h-px-md-2 h-px-2 v-inner-lg-2 v-inner-md-2 v-inner-2 style-483 style-local-1028-c4 position-relative\">\n              <!---->\n              <!---->\n              <div class=\"w-100 h-y-container h-column__content h-column__v-align flex-basis-100 align-self-lg-start align-self-md-start align-self-start\">\n                <!---->\n                <div data-colibri-id=\"1028-c5\" class=\"d-block style-488 style-local-1028-c5 position-relative h-element\">\n                  <!---->\n                  <div class=\"h-image__frame-container-outer\">\n                    <div class=\"h-image__frame-container\">\n                      <!---->\n                      <!---->\n                      <img loading=\"lazy\" decoding=\"async\" width=\"2560\" height=\"1920\" src=\"https:\/\/ihsc.fi\/wp-content\/uploads\/2024\/05\/IMG_1483-scaled.jpg\" class=\"wp-image-1097 style-488-image style-local-1028-c5-image\" alt=\"\" srcset=\"https:\/\/uusi.ihsc.fi\/wp-content\/uploads\/2024\/05\/IMG_1483-scaled.jpg 2560w, https:\/\/uusi.ihsc.fi\/wp-content\/uploads\/2024\/05\/IMG_1483-300x225.jpg 300w, https:\/\/uusi.ihsc.fi\/wp-content\/uploads\/2024\/05\/IMG_1483-1024x768.jpg 1024w, https:\/\/uusi.ihsc.fi\/wp-content\/uploads\/2024\/05\/IMG_1483-768x576.jpg 768w, https:\/\/uusi.ihsc.fi\/wp-content\/uploads\/2024\/05\/IMG_1483-1536x1152.jpg 1536w, https:\/\/uusi.ihsc.fi\/wp-content\/uploads\/2024\/05\/IMG_1483-2048x1536.jpg 2048w, https:\/\/uusi.ihsc.fi\/wp-content\/uploads\/2024\/05\/IMG_1483-1320x990.jpg 1320w, https:\/\/uusi.ihsc.fi\/wp-content\/uploads\/2024\/05\/IMG_1483-600x450.jpg 600w\" sizes=\"auto, (max-width: 2560px) 100vw, 2560px\" \/>\n                      <div class=\"h-image__frame h-hide-lg h-hide-md h-hide-sm style-488-frameImage style-local-1028-c5-frameImage\"><\/div>\n                    <\/div>\n                  <\/div>\n                <\/div>\n                <div data-colibri-id=\"1028-c6\" class=\"d-block style-490 style-local-1028-c6 position-relative h-element\">\n                  <!---->\n                  <div class=\"h-image__frame-container-outer\">\n                    <div class=\"h-image__frame-container\">\n                      <!---->\n                      <!---->\n                      <img loading=\"lazy\" decoding=\"async\" width=\"2560\" height=\"1920\" src=\"https:\/\/ihsc.fi\/wp-content\/uploads\/2024\/05\/IMG_3371-scaled.jpeg\" class=\"wp-image-1099 style-490-image style-local-1028-c6-image\" alt=\"\" srcset=\"https:\/\/uusi.ihsc.fi\/wp-content\/uploads\/2024\/05\/IMG_3371-scaled.jpeg 2560w, https:\/\/uusi.ihsc.fi\/wp-content\/uploads\/2024\/05\/IMG_3371-300x225.jpeg 300w, https:\/\/uusi.ihsc.fi\/wp-content\/uploads\/2024\/05\/IMG_3371-1024x768.jpeg 1024w, https:\/\/uusi.ihsc.fi\/wp-content\/uploads\/2024\/05\/IMG_3371-768x576.jpeg 768w, https:\/\/uusi.ihsc.fi\/wp-content\/uploads\/2024\/05\/IMG_3371-1536x1152.jpeg 1536w, https:\/\/uusi.ihsc.fi\/wp-content\/uploads\/2024\/05\/IMG_3371-2048x1536.jpeg 2048w, https:\/\/uusi.ihsc.fi\/wp-content\/uploads\/2024\/05\/IMG_3371-1320x990.jpeg 1320w, https:\/\/uusi.ihsc.fi\/wp-content\/uploads\/2024\/05\/IMG_3371-600x450.jpeg 600w\" sizes=\"auto, (max-width: 2560px) 100vw, 2560px\" \/>\n                      <div class=\"h-image__frame h-hide-lg h-hide-md h-hide-sm style-490-frameImage style-local-1028-c6-frameImage\"><\/div>\n                    <\/div>\n                  <\/div>\n                <\/div>\n                <div data-colibri-id=\"1028-c7\" class=\"d-block style-491 style-local-1028-c7 position-relative h-element\">\n                  <!---->\n                  <div class=\"h-image__frame-container-outer\">\n                    <div class=\"h-image__frame-container\">\n                      <!---->\n                      <!---->\n                      <img loading=\"lazy\" decoding=\"async\" width=\"2560\" height=\"1920\" src=\"https:\/\/ihsc.fi\/wp-content\/uploads\/2024\/05\/IMG_1337-scaled.jpeg\" class=\"wp-image-1104 style-491-image style-local-1028-c7-image\" alt=\"\" srcset=\"https:\/\/uusi.ihsc.fi\/wp-content\/uploads\/2024\/05\/IMG_1337-scaled.jpeg 2560w, https:\/\/uusi.ihsc.fi\/wp-content\/uploads\/2024\/05\/IMG_1337-300x225.jpeg 300w, https:\/\/uusi.ihsc.fi\/wp-content\/uploads\/2024\/05\/IMG_1337-1024x768.jpeg 1024w, https:\/\/uusi.ihsc.fi\/wp-content\/uploads\/2024\/05\/IMG_1337-768x576.jpeg 768w, https:\/\/uusi.ihsc.fi\/wp-content\/uploads\/2024\/05\/IMG_1337-1536x1152.jpeg 1536w, https:\/\/uusi.ihsc.fi\/wp-content\/uploads\/2024\/05\/IMG_1337-2048x1536.jpeg 2048w, https:\/\/uusi.ihsc.fi\/wp-content\/uploads\/2024\/05\/IMG_1337-1320x990.jpeg 1320w, https:\/\/uusi.ihsc.fi\/wp-content\/uploads\/2024\/05\/IMG_1337-600x450.jpeg 600w\" sizes=\"auto, (max-width: 2560px) 100vw, 2560px\" \/>\n                      <div class=\"h-image__frame h-hide-lg h-hide-md h-hide-sm style-491-frameImage style-local-1028-c7-frameImage\"><\/div>\n                    <\/div>\n                  <\/div>\n                <\/div>\n                <div data-colibri-id=\"1028-c8\" class=\"d-block style-527 style-local-1028-c8 position-relative h-element\">\n                  <!---->\n                  <div class=\"h-image__frame-container-outer\">\n                    <div class=\"h-image__frame-container\">\n                      <!---->\n                      <!---->\n                      <img loading=\"lazy\" decoding=\"async\" width=\"2560\" height=\"1920\" src=\"https:\/\/ihsc.fi\/wp-content\/uploads\/2024\/05\/IMG_6045-scaled.jpeg\" class=\"wp-image-1095 style-527-image style-local-1028-c8-image\" alt=\"\" srcset=\"https:\/\/uusi.ihsc.fi\/wp-content\/uploads\/2024\/05\/IMG_6045-scaled.jpeg 2560w, https:\/\/uusi.ihsc.fi\/wp-content\/uploads\/2024\/05\/IMG_6045-300x225.jpeg 300w, https:\/\/uusi.ihsc.fi\/wp-content\/uploads\/2024\/05\/IMG_6045-1024x768.jpeg 1024w, https:\/\/uusi.ihsc.fi\/wp-content\/uploads\/2024\/05\/IMG_6045-768x576.jpeg 768w, https:\/\/uusi.ihsc.fi\/wp-content\/uploads\/2024\/05\/IMG_6045-1536x1152.jpeg 1536w, https:\/\/uusi.ihsc.fi\/wp-content\/uploads\/2024\/05\/IMG_6045-2048x1536.jpeg 2048w, https:\/\/uusi.ihsc.fi\/wp-content\/uploads\/2024\/05\/IMG_6045-1320x990.jpeg 1320w, https:\/\/uusi.ihsc.fi\/wp-content\/uploads\/2024\/05\/IMG_6045-600x450.jpeg 600w\" sizes=\"auto, (max-width: 2560px) 100vw, 2560px\" \/>\n                      <div class=\"h-image__frame h-hide-lg h-hide-md h-hide-sm style-527-frameImage style-local-1028-c8-frameImage\"><\/div>\n                    <\/div>\n                  <\/div>\n                <\/div>\n              <\/div>\n            <\/div>\n          <\/div>\n          <div class=\"h-column h-column-container d-flex h-col-lg-auto h-col-md-auto h-col-auto style-484-outer style-local-1028-c9-outer\">\n            <div data-colibri-id=\"1028-c9\" class=\"d-flex h-flex-basis h-column__inner h-px-lg-2 h-px-md-2 h-px-2 v-inner-lg-2 v-inner-md-2 v-inner-2 style-484 style-local-1028-c9 position-relative\">\n              <!---->\n              <!---->\n              <div class=\"w-100 h-y-container h-column__content h-column__v-align flex-basis-100 align-self-lg-start align-self-md-start align-self-start\">\n                <!---->\n                <div data-colibri-id=\"1028-c10\" class=\"d-block style-487 style-local-1028-c10 position-relative h-element\">\n                  <!---->\n                  <div class=\"h-image__frame-container-outer\">\n                    <div class=\"h-image__frame-container\">\n                      <!---->\n                      <!---->\n                      <img loading=\"lazy\" decoding=\"async\" width=\"2560\" height=\"1920\" src=\"https:\/\/ihsc.fi\/wp-content\/uploads\/2024\/05\/IMG_3098-scaled.jpeg\" class=\"wp-image-1098 style-487-image style-local-1028-c10-image\" alt=\"\" srcset=\"https:\/\/uusi.ihsc.fi\/wp-content\/uploads\/2024\/05\/IMG_3098-scaled.jpeg 2560w, https:\/\/uusi.ihsc.fi\/wp-content\/uploads\/2024\/05\/IMG_3098-300x225.jpeg 300w, https:\/\/uusi.ihsc.fi\/wp-content\/uploads\/2024\/05\/IMG_3098-1024x768.jpeg 1024w, https:\/\/uusi.ihsc.fi\/wp-content\/uploads\/2024\/05\/IMG_3098-768x576.jpeg 768w, https:\/\/uusi.ihsc.fi\/wp-content\/uploads\/2024\/05\/IMG_3098-1536x1152.jpeg 1536w, https:\/\/uusi.ihsc.fi\/wp-content\/uploads\/2024\/05\/IMG_3098-2048x1536.jpeg 2048w, https:\/\/uusi.ihsc.fi\/wp-content\/uploads\/2024\/05\/IMG_3098-1320x990.jpeg 1320w, https:\/\/uusi.ihsc.fi\/wp-content\/uploads\/2024\/05\/IMG_3098-600x450.jpeg 600w\" sizes=\"auto, (max-width: 2560px) 100vw, 2560px\" \/>\n                      <div class=\"h-image__frame h-hide-lg h-hide-md h-hide-sm style-487-frameImage style-local-1028-c10-frameImage\"><\/div>\n                    <\/div>\n                  <\/div>\n                <\/div>\n                <div data-colibri-id=\"1028-c11\" class=\"d-block style-489 style-local-1028-c11 position-relative h-element\">\n                  <!---->\n                  <div class=\"h-image__frame-container-outer\">\n                    <div class=\"h-image__frame-container\">\n                      <!---->\n                      <!---->\n                      <img loading=\"lazy\" decoding=\"async\" width=\"4032\" height=\"3024\" src=\"https:\/\/ihsc.fi\/wp-content\/uploads\/2024\/05\/IMG_1414.png\" class=\"wp-image-1096 style-489-image style-local-1028-c11-image\" alt=\"\" srcset=\"https:\/\/uusi.ihsc.fi\/wp-content\/uploads\/2024\/05\/IMG_1414.png 4032w, https:\/\/uusi.ihsc.fi\/wp-content\/uploads\/2024\/05\/IMG_1414-300x225.png 300w, https:\/\/uusi.ihsc.fi\/wp-content\/uploads\/2024\/05\/IMG_1414-1024x768.png 1024w, https:\/\/uusi.ihsc.fi\/wp-content\/uploads\/2024\/05\/IMG_1414-768x576.png 768w, https:\/\/uusi.ihsc.fi\/wp-content\/uploads\/2024\/05\/IMG_1414-1536x1152.png 1536w, https:\/\/uusi.ihsc.fi\/wp-content\/uploads\/2024\/05\/IMG_1414-2048x1536.png 2048w, https:\/\/uusi.ihsc.fi\/wp-content\/uploads\/2024\/05\/IMG_1414-1320x990.png 1320w, https:\/\/uusi.ihsc.fi\/wp-content\/uploads\/2024\/05\/IMG_1414-600x450.png 600w\" sizes=\"auto, (max-width: 4032px) 100vw, 4032px\" \/>\n                      <div class=\"h-image__frame h-hide-lg h-hide-md h-hide-sm style-489-frameImage style-local-1028-c11-frameImage\"><\/div>\n                    <\/div>\n                  <\/div>\n                <\/div>\n                <div data-colibri-id=\"1028-c12\" class=\"d-block style-492 style-local-1028-c12 position-relative h-element\">\n                  <!---->\n                  <div class=\"h-image__frame-container-outer\">\n                    <div class=\"h-image__frame-container\">\n                      <!---->\n                      <!---->\n                      <img loading=\"lazy\" decoding=\"async\" width=\"2560\" height=\"1920\" src=\"https:\/\/ihsc.fi\/wp-content\/uploads\/2024\/05\/IMG_5410-scaled.jpeg\" class=\"wp-image-1100 style-492-image style-local-1028-c12-image\" alt=\"\" srcset=\"https:\/\/uusi.ihsc.fi\/wp-content\/uploads\/2024\/05\/IMG_5410-scaled.jpeg 2560w, https:\/\/uusi.ihsc.fi\/wp-content\/uploads\/2024\/05\/IMG_5410-300x225.jpeg 300w, https:\/\/uusi.ihsc.fi\/wp-content\/uploads\/2024\/05\/IMG_5410-1024x768.jpeg 1024w, https:\/\/uusi.ihsc.fi\/wp-content\/uploads\/2024\/05\/IMG_5410-768x576.jpeg 768w, https:\/\/uusi.ihsc.fi\/wp-content\/uploads\/2024\/05\/IMG_5410-1536x1152.jpeg 1536w, https:\/\/uusi.ihsc.fi\/wp-content\/uploads\/2024\/05\/IMG_5410-2048x1536.jpeg 2048w, https:\/\/uusi.ihsc.fi\/wp-content\/uploads\/2024\/05\/IMG_5410-1320x990.jpeg 1320w, https:\/\/uusi.ihsc.fi\/wp-content\/uploads\/2024\/05\/IMG_5410-600x450.jpeg 600w\" sizes=\"auto, (max-width: 2560px) 100vw, 2560px\" \/>\n                      <div class=\"h-image__frame h-hide-lg h-hide-md h-hide-sm style-492-frameImage style-local-1028-c12-frameImage\"><\/div>\n                    <\/div>\n                  <\/div>\n                <\/div>\n                <div data-colibri-id=\"1028-c13\" class=\"d-block style-528 style-local-1028-c13 position-relative h-element\">\n                  <!---->\n                  <div class=\"h-image__frame-container-outer\">\n                    <div class=\"h-image__frame-container\">\n                      <!---->\n                      <!---->\n                      <img loading=\"lazy\" decoding=\"async\" width=\"2560\" height=\"1920\" src=\"https:\/\/ihsc.fi\/wp-content\/uploads\/2024\/05\/IMG_5894-scaled.jpeg\" class=\"wp-image-1101 style-528-image style-local-1028-c13-image\" alt=\"\" srcset=\"https:\/\/uusi.ihsc.fi\/wp-content\/uploads\/2024\/05\/IMG_5894-scaled.jpeg 2560w, https:\/\/uusi.ihsc.fi\/wp-content\/uploads\/2024\/05\/IMG_5894-300x225.jpeg 300w, https:\/\/uusi.ihsc.fi\/wp-content\/uploads\/2024\/05\/IMG_5894-1024x768.jpeg 1024w, https:\/\/uusi.ihsc.fi\/wp-content\/uploads\/2024\/05\/IMG_5894-768x576.jpeg 768w, https:\/\/uusi.ihsc.fi\/wp-content\/uploads\/2024\/05\/IMG_5894-1536x1152.jpeg 1536w, https:\/\/uusi.ihsc.fi\/wp-content\/uploads\/2024\/05\/IMG_5894-2048x1536.jpeg 2048w, https:\/\/uusi.ihsc.fi\/wp-content\/uploads\/2024\/05\/IMG_5894-1320x990.jpeg 1320w, https:\/\/uusi.ihsc.fi\/wp-content\/uploads\/2024\/05\/IMG_5894-600x450.jpeg 600w\" sizes=\"auto, (max-width: 2560px) 100vw, 2560px\" \/>\n                      <div class=\"h-image__frame h-hide-lg h-hide-md h-hide-sm style-528-frameImage style-local-1028-c13-frameImage\"><\/div>\n                    <\/div>\n                  <\/div>\n                <\/div>\n              <\/div>\n            <\/div>\n          <\/div>\n          <div class=\"h-column h-column-container d-flex h-col-lg-auto h-col-md-auto h-col-auto style-485-outer style-local-1028-c14-outer\">\n            <div data-colibri-id=\"1028-c14\" class=\"d-flex h-flex-basis h-column__inner h-px-lg-2 h-px-md-2 h-px-2 v-inner-lg-2 v-inner-md-2 v-inner-2 style-485 style-local-1028-c14 position-relative\">\n              <!---->\n              <!---->\n              <div class=\"w-100 h-y-container h-column__content h-column__v-align flex-basis-100 align-self-lg-start align-self-md-start align-self-start\">\n                <!---->\n                <div data-colibri-id=\"1028-c15\" class=\"h-text h-text-component style-486 style-local-1028-c15 position-relative h-element\">\n                  <!---->\n                  <!---->\n                  <div class=\"\">\n                    <p><strong style=\"color: rgb(255, 255, 255); font-size: 20pt; font-family: Calibri, Calibri_EmbeddedFont, Calibri_MSFontService, sans-serif;\">LEIRITYKSET<\/strong><span style=\"font-size: 20pt; font-family: Calibri, Calibri_EmbeddedFont, Calibri_MSFontService, sans-serif;\">\u200b<\/span>\n                      <span\n                        style=\"font-size: 16pt; font-family: Calibri, Calibri_EmbeddedFont, Calibri_MSFontService, sans-serif;\">\u200b<\/span>\n                    <\/p>\n                    <p><span style=\"color: rgb(255, 255, 255); font-size: 16pt; font-family: Calibri, Calibri_EmbeddedFont, Calibri_MSFontService, sans-serif;\">IHSC tarjoaa urheilijoille ja urheiluseuroille leiripaketteja.&nbsp;Leirivalmennuksen tilaava urheilija tai urheiluseura vastaa aina&nbsp;matka- ja majoituskustannuksista. Leiripaketit r\u00e4\u00e4t\u00e4l\u00f6id\u00e4\u00e4n aina&nbsp;tapauskohtaisesti vastaamaan tilaajan toiveita<\/span>\n                      <span\n                        style=\"font-size: 16pt; font-family: Calibri, Calibri_EmbeddedFont, Calibri_MSFontService, sans-serif;\">\u200b<\/span>\n                    <\/p>\n                    <p><span style=\"color: rgb(255, 255, 255); font-size: 16pt; font-family: Calibri, Calibri_EmbeddedFont, Calibri_MSFontService, sans-serif;\">Leiritykset voivat olla<\/span><span style=\"font-size: 16pt; font-family: Calibri, Calibri_EmbeddedFont, Calibri_MSFontService, sans-serif;\">\u200b<\/span><\/p>\n                    <ul>\n                      <li><span style=\"color: rgb(255, 255, 255); font-size: 16pt; font-family: Calibri, Calibri_EmbeddedFont, Calibri_MSFontService, sans-serif;\">Kotimaan tai ulkomaan kohteissa tapahtuva valmennusleiri<\/span><span style=\"font-size: 16pt; font-family: Calibri, Calibri_EmbeddedFont, Calibri_MSFontService, sans-serif;\">\u200b<\/span><\/li>\n                      <li><span style=\"color: rgb(255, 255, 255); font-size: 16pt; font-family: Calibri, Calibri_EmbeddedFont, Calibri_MSFontService, sans-serif;\">Seuran kotihallissa tapahtuva leiri<\/span><span style=\"font-size: 16pt; font-family: Calibri, Calibri_EmbeddedFont, Calibri_MSFontService, sans-serif;\">\u200b<\/span><\/li>\n                    <\/ul>\n                    <p><span style=\"color: rgb(255, 255, 255); font-size: 16pt; font-family: Calibri, Calibri_EmbeddedFont, Calibri_MSFontService, sans-serif;\">Esimerkkej\u00e4 hinnoista<\/span><span style=\"font-size: 16pt; font-family: Calibri, Calibri_EmbeddedFont, Calibri_MSFontService, sans-serif;\">\u200b<\/span><\/p>\n                    <ul>\n                      <li><span style=\"color: rgb(255, 255, 255); font-size: 16pt; font-family: Calibri, Calibri_EmbeddedFont, Calibri_MSFontService, sans-serif;\">Ulkomaanleiri 10 vuorokautta<\/span><span style=\"font-size: 16pt; font-family: Calibri, Calibri_EmbeddedFont, Calibri_MSFontService, sans-serif;\">\u200b<\/span><\/li>\n                      <li\n                        class=\"ql-indent-1\"><span style=\"color: rgb(255, 255, 255); font-size: 16pt; font-family: Calibri, Calibri_EmbeddedFont, Calibri_MSFontService, sans-serif;\">Leirin ohjelmien suunnittelu, harjoituksien johtaminen&nbsp;ja&nbsp;valmennus. Max 15 urheilijaa.<\/span>\n                        <span\n                          style=\"font-size: 16pt; font-family: Calibri, Calibri_EmbeddedFont, Calibri_MSFontService, sans-serif;\">\u200b\n                          <br>\n                          <\/span><span style=\"font-size: 20pt; font-family: Calibri, Calibri_EmbeddedFont, Calibri_MSFontService, sans-serif; color: rgb(255, 255, 255);\">3 100,00 \u20ac&nbsp;<\/span><span style=\"font-size: 16pt; font-family: Calibri, Calibri_EmbeddedFont, Calibri_MSFontService, sans-serif; color: rgb(255, 255, 255);\">(sis. alv)<\/span>\n                          <span\n                            style=\"font-size: 16pt; font-family: Calibri, Calibri_EmbeddedFont, Calibri_MSFontService, sans-serif;\">\u200b<\/span>\n                            <\/li>\n                            <li><span style=\"color: rgb(255, 255, 255); font-size: 16pt; font-family: Calibri, Calibri_EmbeddedFont, Calibri_MSFontService, sans-serif;\">Kotimaanleiri 5 vuorokautta<\/span><span style=\"font-size: 16pt; font-family: Calibri, Calibri_EmbeddedFont, Calibri_MSFontService, sans-serif;\">\u200b<\/span><\/li>\n                            <li\n                              class=\"ql-indent-1\"><span style=\"color: rgb(255, 255, 255); font-size: 16pt; font-family: Calibri, Calibri_EmbeddedFont, Calibri_MSFontService, sans-serif;\">Leirin ohjelmien suunnittelu, harjoituksien johtaminen&nbsp;ja&nbsp;valmennus. Max 20 urheilijaa.<\/span>\n                              <span\n                                style=\"font-size: 16pt; font-family: Calibri, Calibri_EmbeddedFont, Calibri_MSFontService, sans-serif;\">\u200b\n                                <br>\n                                <\/span><span style=\"font-size: 20pt; font-family: Calibri, Calibri_EmbeddedFont, Calibri_MSFontService, sans-serif; color: rgb(255, 255, 255);\">1 600,00 \u20ac&nbsp;<\/span><span style=\"font-size: 16pt; font-family: Calibri, Calibri_EmbeddedFont, Calibri_MSFontService, sans-serif; color: rgb(255, 255, 255);\">(sis. alv)<\/span>\n                                <span\n                                  style=\"font-size: 16pt; font-family: Calibri, Calibri_EmbeddedFont, Calibri_MSFontService, sans-serif;\">\u200b<\/span>\n                                  <\/li>\n                                  <li><span style=\"color: rgb(255, 255, 255); font-size: 16pt; font-family: Calibri, Calibri_EmbeddedFont, Calibri_MSFontService, sans-serif;\">Kotimaanleiri viikonloppu (pe 17:00 \u2013 su 17:00)<\/span><span style=\"font-size: 16pt; font-family: Calibri, Calibri_EmbeddedFont, Calibri_MSFontService, sans-serif;\">\u200b<\/span><\/li>\n                                  <li\n                                    class=\"ql-indent-1\"><span style=\"color: rgb(255, 255, 255); font-size: 16pt; font-family: Calibri, Calibri_EmbeddedFont, Calibri_MSFontService, sans-serif;\">Leirin ohjelmien suunnittelu, harjoituksien johtaminen&nbsp;ja&nbsp;valmennus. Max 20 urheilijaa.<\/span>\n                                    <span\n                                      style=\"font-size: 16pt; font-family: Calibri, Calibri_EmbeddedFont, Calibri_MSFontService, sans-serif;\">\u200b\n                                      <br>\n                                      <\/span><span style=\"font-size: 20pt; font-family: Calibri, Calibri_EmbeddedFont, Calibri_MSFontService, sans-serif; color: rgb(255, 255, 255);\">900,00 \u20ac&nbsp;<\/span><span style=\"font-size: 16pt; font-family: Calibri, Calibri_EmbeddedFont, Calibri_MSFontService, sans-serif; color: rgb(255, 255, 255);\">(sis. alv)<\/span>\n                                      <span\n                                        style=\"font-size: 16pt; font-family: Calibri, Calibri_EmbeddedFont, Calibri_MSFontService, sans-serif;\">\u200b<\/span>\n                                        <\/li>\n                    <\/ul>\n                    <p>\n                      <br>\n                    <\/p>\n                  <\/div>\n                <\/div>\n                <div data-colibri-id=\"1028-c16\" class=\"h-x-container style-529 style-local-1028-c16 position-relative h-element\">\n                  <!---->\n                  <div class=\"h-x-container-inner style-dynamic-1028-c16-group style-529-spacing style-local-1028-c16-spacing\"><span class=\"h-button__outer style-530-outer style-local-1028-c17-outer d-inline-flex h-element\"><a h-use-smooth-scroll=\"true\" href=\"https:\/\/uusi.ihsc.fi\/\"  data-colibri-id=\"1028-c17\" class=\"d-flex w-100 align-items-center h-button justify-content-lg-center justify-content-md-center justify-content-center style-530 style-local-1028-c17 position-relative\"><!----><!----> <span>Takaisin<\/span><\/a>\n                    <\/span>\n                  <\/div>\n                <\/div>\n              <\/div>\n            <\/div>\n          <\/div>\n        <\/div>\n      <\/div>\n    <\/div>\n  <\/div>\n<\/div>","protected":false},"excerpt":{"rendered":"<p>LEIRITYKSET\u200b \u200b IHSC tarjoaa urheilijoille ja urheiluseuroille leiripaketteja.&nbsp;Leirivalmennuksen tilaava urheilija tai urheiluseura vastaa aina&nbsp;matka- ja majoituskustannuksista. Leiripaketit r\u00e4\u00e4t\u00e4l\u00f6id\u00e4\u00e4n aina&nbsp;tapauskohtaisesti vastaamaan tilaajan toiveita \u200b Leiritykset voivat olla\u200b Kotimaan tai ulkomaan kohteissa tapahtuva valmennusleiri\u200b Seuran kotihallissa tapahtuva leiri\u200b Esimerkkej\u00e4 hinnoista\u200b Ulkomaanleiri 10 vuorokautta\u200b Leirin ohjelmien suunnittelu, harjoituksien johtaminen&nbsp;ja&nbsp;valmennus. Max 15 urheilijaa. \u200b 3 100,00 \u20ac&nbsp;(sis. alv) \u200b [&hellip;]<\/p>\n","protected":false},"author":1,"featured_media":0,"parent":0,"menu_order":0,"comment_status":"closed","ping_status":"closed","template":"page-templates\/full-width-page.php","meta":{"footnotes":""},"class_list":["post-1028","page","type-page","status-publish","hentry"],"_links":{"self":[{"href":"https:\/\/uusi.ihsc.fi\/index.php?rest_route=\/wp\/v2\/pages\/1028","targetHints":{"allow":["GET"]}}],"collection":[{"href":"https:\/\/uusi.ihsc.fi\/index.php?rest_route=\/wp\/v2\/pages"}],"about":[{"href":"https:\/\/uusi.ihsc.fi\/index.php?rest_route=\/wp\/v2\/types\/page"}],"author":[{"embeddable":true,"href":"https:\/\/uusi.ihsc.fi\/index.php?rest_route=\/wp\/v2\/users\/1"}],"replies":[{"embeddable":true,"href":"https:\/\/uusi.ihsc.fi\/index.php?rest_route=%2Fwp%2Fv2%2Fcomments&post=1028"}],"version-history":[{"count":8,"href":"https:\/\/uusi.ihsc.fi\/index.php?rest_route=\/wp\/v2\/pages\/1028\/revisions"}],"predecessor-version":[{"id":1241,"href":"https:\/\/uusi.ihsc.fi\/index.php?rest_route=\/wp\/v2\/pages\/1028\/revisions\/1241"}],"wp:attachment":[{"href":"https:\/\/uusi.ihsc.fi\/index.php?rest_route=%2Fwp%2Fv2%2Fmedia&parent=1028"}],"curies":[{"name":"wp","href":"https:\/\/api.w.org\/{rel}","templated":true}]}}