{"id":1266,"date":"2024-05-20T08:27:49","date_gmt":"2024-05-20T08:27:49","guid":{"rendered":"https:\/\/uusi.ihsc.fi\/?page_id=1266"},"modified":"2024-05-20T08:46:12","modified_gmt":"2024-05-20T08:46:12","slug":"colibri-1266","status":"publish","type":"page","link":"https:\/\/uusi.ihsc.fi\/?page_id=1266","title":{"rendered":"Yhteys"},"content":{"rendered":"<div data-colibri-id=\"1266-c1\" class=\"style-533 style-local-1266-c1 position-relative\">\n  <!---->\n  <div data-colibri-component=\"section\" data-colibri-id=\"1266-c2\" id=\"custom\" class=\"h-section h-section-global-spacing d-flex align-items-lg-center align-items-md-center align-items-center style-534 style-local-1266-c2 position-relative\">\n    <!---->\n    <!---->\n    <div class=\"h-section-grid-container h-section-boxed-container\">\n      <!---->\n      <div data-colibri-id=\"1266-c3\" class=\"h-row-container gutters-row-lg-2 gutters-row-md-2 gutters-row-0 gutters-row-v-lg-2 gutters-row-v-md-2 gutters-row-v-2 style-535 style-local-1266-c3 position-relative\">\n        <!---->\n        <div class=\"h-row justify-content-lg-center justify-content-md-center justify-content-center align-items-lg-stretch align-items-md-stretch align-items-stretch gutters-col-lg-2 gutters-col-md-2 gutters-col-0 gutters-col-v-lg-2 gutters-col-v-md-2 gutters-col-v-2\">\n          <!---->\n          <div class=\"h-column h-column-container d-flex h-col-lg-auto h-col-md-auto h-col-auto style-536-outer style-local-1266-c4-outer\">\n            <div data-colibri-id=\"1266-c4\" class=\"d-flex h-flex-basis h-column__inner h-px-lg-2 h-px-md-2 h-px-2 v-inner-lg-2 v-inner-md-2 v-inner-2 style-536 style-local-1266-c4 position-relative\">\n              <!---->\n              <!---->\n              <div class=\"w-100 h-y-container h-column__content h-column__v-align flex-basis-100 align-self-lg-start align-self-md-start align-self-start\">\n                <!---->\n                <div data-colibri-id=\"1266-c5\" class=\"d-block style-538 style-local-1266-c5 position-relative h-element\">\n                  <!---->\n                  <div class=\"h-image__frame-container-outer\">\n                    <div class=\"h-image__frame-container\">\n                      <!---->\n                      <!---->\n                      <img loading=\"lazy\" decoding=\"async\" width=\"2560\" height=\"1920\" src=\"https:\/\/uusi.ihsc.fi\/wp-content\/uploads\/2024\/05\/IMG_1483-scaled.jpg\" class=\"wp-image-1097 style-538-image style-local-1266-c5-image\" alt=\"\" srcset=\"https:\/\/uusi.ihsc.fi\/wp-content\/uploads\/2024\/05\/IMG_1483-scaled.jpg 2560w, https:\/\/uusi.ihsc.fi\/wp-content\/uploads\/2024\/05\/IMG_1483-300x225.jpg 300w, https:\/\/uusi.ihsc.fi\/wp-content\/uploads\/2024\/05\/IMG_1483-1024x768.jpg 1024w, https:\/\/uusi.ihsc.fi\/wp-content\/uploads\/2024\/05\/IMG_1483-768x576.jpg 768w, https:\/\/uusi.ihsc.fi\/wp-content\/uploads\/2024\/05\/IMG_1483-1536x1152.jpg 1536w, https:\/\/uusi.ihsc.fi\/wp-content\/uploads\/2024\/05\/IMG_1483-2048x1536.jpg 2048w, https:\/\/uusi.ihsc.fi\/wp-content\/uploads\/2024\/05\/IMG_1483-1320x990.jpg 1320w, https:\/\/uusi.ihsc.fi\/wp-content\/uploads\/2024\/05\/IMG_1483-600x450.jpg 600w\" sizes=\"auto, (max-width: 2560px) 100vw, 2560px\" \/>\n                      <div class=\"h-image__frame h-hide-lg h-hide-md h-hide-sm style-538-frameImage style-local-1266-c5-frameImage\"><\/div>\n                    <\/div>\n                  <\/div>\n                <\/div>\n                <div data-colibri-id=\"1266-c6\" class=\"d-block style-539 style-local-1266-c6 position-relative h-element\">\n                  <!---->\n                  <div class=\"h-image__frame-container-outer\">\n                    <div class=\"h-image__frame-container\">\n                      <!---->\n                      <!---->\n                      <img loading=\"lazy\" decoding=\"async\" width=\"1000\" height=\"750\" src=\"https:\/\/uusi.ihsc.fi\/wp-content\/uploads\/2022\/11\/Kuva1-1.png\" class=\"wp-image-379 style-539-image style-local-1266-c6-image\" alt=\"\" \/>\n                      <div class=\"h-image__frame h-hide-lg h-hide-md h-hide-sm style-539-frameImage style-local-1266-c6-frameImage\"><\/div>\n                    <\/div>\n                  <\/div>\n                <\/div>\n              <\/div>\n            <\/div>\n          <\/div>\n          <div class=\"h-column h-column-container d-flex h-col-lg-auto h-col-md-auto h-col-auto style-537-outer style-local-1266-c7-outer\">\n            <div data-colibri-id=\"1266-c7\" class=\"d-flex h-flex-basis h-column__inner h-px-lg-2 h-px-md-2 h-px-2 v-inner-lg-2 v-inner-md-2 v-inner-2 style-537 style-local-1266-c7 position-relative\">\n              <!---->\n              <!---->\n              <div class=\"w-100 h-y-container h-column__content h-column__v-align flex-basis-100 align-self-lg-center align-self-md-center align-self-center\">\n                <!---->\n                <div data-colibri-id=\"1266-c8\" class=\"h-text h-text-component style-540 style-local-1266-c8 position-relative h-element\">\n                  <!---->\n                  <!---->\n                  <div class=\"\">\n                    <p><strong style=\"color: rgb(255, 255, 255); font-size: 20pt; font-family: Calibri, Calibri_EmbeddedFont, Calibri_MSFontService, sans-serif;\">IH SPORT &amp; CONSULTING<\/strong><span style=\"font-size: 20pt; font-family: Calibri, Calibri_EmbeddedFont, Calibri_MSFontService, sans-serif;\">\u200b<\/span><\/p>\n                    <p><strong style=\"color: rgb(255, 255, 255); font-size: 16pt; font-family: Calibri, Calibri_EmbeddedFont, Calibri_MSFontService, sans-serif;\">&nbsp;<\/strong><span style=\"font-size: 16pt; font-family: Calibri, Calibri_EmbeddedFont, Calibri_MSFontService, sans-serif;\">\u200b<\/span><\/p>\n                    <p><span style=\"color: rgb(255, 255, 255); font-size: 16pt; font-family: Calibri, Calibri_EmbeddedFont, Calibri_MSFontService, sans-serif;\">IH Sport &amp; Consulting on urheiluvalmennukseen keskittynyt yritys.&nbsp;Yrityksen p\u00e4\u00e4tavoitteena on kilpaurheilijoiden valmennus, p\u00e4\u00e4lajeina&nbsp;kilpauinti ja triathlon. Edell\u00e4 mainitun lis\u00e4ksi IHSC tarjoaa&nbsp;henkil\u00f6kohtaista valmennusta sek\u00e4 yksityistunteja uintitekniikan&nbsp;valmennukseen.<\/span>\n                      <span\n                        style=\"font-size: 16pt; font-family: Calibri, Calibri_EmbeddedFont, Calibri_MSFontService, sans-serif;\">\u200b<\/span>\n                    <\/p>\n                    <p><span style=\"font-size: 16pt; font-family: Calibri, Calibri_EmbeddedFont, Calibri_MSFontService, sans-serif;\">\u200b<\/span><\/p>\n                    <p><strong style=\"color: rgb(255, 255, 255); font-size: 20pt; font-family: Calibri, Calibri_EmbeddedFont, Calibri_MSFontService, sans-serif;\">Yhteystiedot<\/strong><span style=\"font-size: 20pt; font-family: Calibri, Calibri_EmbeddedFont, Calibri_MSFontService, sans-serif;\">\u200b<\/span><\/p>\n                    <p><strong style=\"color: rgb(255, 255, 255); font-size: 16pt; font-family: Calibri, Calibri_EmbeddedFont, Calibri_MSFontService, sans-serif;\">S\u00e4hk\u00f6posti<\/strong><span style=\"color: rgb(255, 255, 255); font-size: 16pt; font-family: Calibri, Calibri_EmbeddedFont, Calibri_MSFontService, sans-serif;\">: valmennus @&nbsp;ihsc.fi<\/span>\n                      <span\n                        style=\"font-size: 16pt; font-family: Calibri, Calibri_EmbeddedFont, Calibri_MSFontService, sans-serif;\">\u200b<\/span>\n                    <\/p>\n                    <p><strong style=\"font-size: 16pt; font-family: Calibri, Calibri_EmbeddedFont, Calibri_MSFontService, sans-serif; color: rgb(255, 255, 255);\">Facebook<\/strong><span style=\"font-size: 16pt; font-family: Calibri, Calibri_EmbeddedFont, Calibri_MSFontService, sans-serif; color: rgb(255, 255, 255);\">:&nbsp;<\/span>\n                      <a href=\"https:\/\/www.facebook.com\/profile.php?id=100041398282912\" rel=\"noreferrer noopener\" target=\"_blank\" style=\"font-size: 16pt; font-family: Calibri, Calibri_EmbeddedFont, Calibri_MSFontService, sans-serif; color: rgb(5, 99, 193);\">IH Sport &amp; Consulting<\/a><span style=\"font-size: 16pt; font-family: Calibri, Calibri_EmbeddedFont, Calibri_MSFontService, sans-serif; font-weight: 400; color: rgb(0, 0, 0);\">\u200b<\/span><span style=\"font-size: 16pt; font-family: Calibri, Calibri_EmbeddedFont, Calibri_MSFontService, sans-serif;\">\u200b<\/span><\/p>\n                    <p><strong style=\"color: rgb(255, 255, 255); font-size: 16pt; font-family: Calibri, Calibri_EmbeddedFont, Calibri_MSFontService, sans-serif;\">Instagram<\/strong><span style=\"color: rgb(255, 255, 255); font-size: 16pt; font-family: Calibri, Calibri_EmbeddedFont, Calibri_MSFontService, sans-serif;\">:&nbsp;<\/span>\n                      <a href=\"https:\/\/www.instagram.com\/ihsportconsulting\" target=\"_blank\" rel=\"noreferrer noopener\" style=\"color: rgb(5, 99, 193); font-size: 16pt; font-family: Calibri, Calibri_EmbeddedFont, Calibri_MSFontService, sans-serif;\" class=\"customize-unpreviewable\">IH Sport &amp; Consulting<\/a>\n                    <\/p>\n                    <p>\n                      <br>\n                    <\/p>\n                  <\/div>\n                <\/div>\n                <div data-colibri-id=\"1266-c9\" class=\"h-x-container style-541 style-local-1266-c9 position-relative h-element\">\n                  <!---->\n                  <div class=\"h-x-container-inner style-dynamic-1266-c9-group style-541-spacing style-local-1266-c9-spacing\"><span class=\"h-button__outer style-542-outer style-local-1266-c10-outer d-inline-flex h-element\"><a h-use-smooth-scroll=\"true\" href=\"uusi.ihsc.fi\"  data-colibri-id=\"1266-c10\" class=\"d-flex w-100 align-items-center h-button justify-content-lg-center justify-content-md-center justify-content-center style-542 style-local-1266-c10 position-relative\"><!----><!----> <span>Takaisin<\/span><\/a>\n                    <\/span>\n                  <\/div>\n                <\/div>\n              <\/div>\n            <\/div>\n          <\/div>\n        <\/div>\n      <\/div>\n    <\/div>\n  <\/div>\n<\/div>","protected":false},"excerpt":{"rendered":"<p>IH SPORT &amp; CONSULTING\u200b &nbsp;\u200b IH Sport &amp; Consulting on urheiluvalmennukseen keskittynyt yritys.&nbsp;Yrityksen p\u00e4\u00e4tavoitteena on kilpaurheilijoiden valmennus, p\u00e4\u00e4lajeina&nbsp;kilpauinti ja triathlon. Edell\u00e4 mainitun lis\u00e4ksi IHSC tarjoaa&nbsp;henkil\u00f6kohtaista valmennusta sek\u00e4 yksityistunteja uintitekniikan&nbsp;valmennukseen. \u200b \u200b Yhteystiedot\u200b S\u00e4hk\u00f6posti: valmennus @&nbsp;ihsc.fi \u200b Facebook:&nbsp; IH Sport &amp; Consulting\u200b\u200b Instagram:&nbsp; IH Sport &amp; Consulting Takaisin<\/p>\n","protected":false},"author":1,"featured_media":0,"parent":0,"menu_order":0,"comment_status":"closed","ping_status":"closed","template":"page-templates\/full-width-page.php","meta":{"footnotes":""},"class_list":["post-1266","page","type-page","status-publish","hentry"],"_links":{"self":[{"href":"https:\/\/uusi.ihsc.fi\/index.php?rest_route=\/wp\/v2\/pages\/1266","targetHints":{"allow":["GET"]}}],"collection":[{"href":"https:\/\/uusi.ihsc.fi\/index.php?rest_route=\/wp\/v2\/pages"}],"about":[{"href":"https:\/\/uusi.ihsc.fi\/index.php?rest_route=\/wp\/v2\/types\/page"}],"author":[{"embeddable":true,"href":"https:\/\/uusi.ihsc.fi\/index.php?rest_route=\/wp\/v2\/users\/1"}],"replies":[{"embeddable":true,"href":"https:\/\/uusi.ihsc.fi\/index.php?rest_route=%2Fwp%2Fv2%2Fcomments&post=1266"}],"version-history":[{"count":5,"href":"https:\/\/uusi.ihsc.fi\/index.php?rest_route=\/wp\/v2\/pages\/1266\/revisions"}],"predecessor-version":[{"id":1293,"href":"https:\/\/uusi.ihsc.fi\/index.php?rest_route=\/wp\/v2\/pages\/1266\/revisions\/1293"}],"wp:attachment":[{"href":"https:\/\/uusi.ihsc.fi\/index.php?rest_route=%2Fwp%2Fv2%2Fmedia&parent=1266"}],"curies":[{"name":"wp","href":"https:\/\/api.w.org\/{rel}","templated":true}]}}