{"id":210,"date":"2022-09-30T09:02:22","date_gmt":"2022-09-30T09:02:22","guid":{"rendered":"https:\/\/localhost\/wordpress\/wordpress-5.9.3\/wordpress\/?page_id=210"},"modified":"2024-05-11T12:40:33","modified_gmt":"2024-05-11T12:40:33","slug":"valmennus","status":"publish","type":"page","link":"https:\/\/uusi.ihsc.fi\/?page_id=210","title":{"rendered":"Valmennus"},"content":{"rendered":"<div data-colibri-id=\"210-c1\" class=\"style-266 style-local-210-c1 position-relative\">\n  <!---->\n  <div data-colibri-component=\"section\" data-colibri-id=\"210-c2\" id=\"features\" class=\"h-section h-section-global-spacing d-flex align-items-lg-center align-items-md-center align-items-center style-268 style-local-210-c2 position-relative\">\n    <!---->\n    <!---->\n    <div class=\"h-section-grid-container h-section-boxed-container\">\n      <!---->\n      <div data-colibri-id=\"210-c3\" class=\"h-row-container gutters-row-lg-2 gutters-row-md-2 gutters-row-2 gutters-row-v-lg-2 gutters-row-v-md-2 gutters-row-v-2 style-269 style-local-210-c3 position-relative\">\n        <!---->\n        <div class=\"h-row justify-content-lg-center justify-content-md-center justify-content-center align-items-lg-stretch align-items-md-stretch align-items-stretch gutters-col-lg-2 gutters-col-md-2 gutters-col-2 gutters-col-v-lg-2 gutters-col-v-md-2 gutters-col-v-2\">\n          <!---->\n          <div class=\"h-column h-column-container d-flex h-col-lg-4 h-col-md-6 h-col-12 style-270-outer style-local-210-c4-outer\">\n            <div data-colibri-id=\"210-c4\" class=\"d-flex h-flex-basis h-column__inner h-px-lg-0 h-px-md-0 h-px-0 v-inner-lg-0 v-inner-md-0 v-inner-0 style-270 style-local-210-c4 position-relative\">\n              <!---->\n              <!---->\n              <div class=\"w-100 h-y-container h-column__content h-column__v-align flex-basis-100 align-self-lg-start align-self-md-start align-self-start\">\n                <!---->\n                <div data-colibri-id=\"210-c5\" class=\"d-block style-271 style-local-210-c5 position-relative h-element\">\n                  <!---->\n                  <div class=\"h-image__frame-container-outer\">\n                    <div class=\"h-image__frame-container\">\n                      <!---->\n                      <!---->\n                      <img loading=\"lazy\" decoding=\"async\" width=\"1000\" height=\"750\" src=\"https:\/\/ihsc.fi\/wp-content\/uploads\/2022\/11\/kuva4.png\" class=\"wp-image-389 style-271-image style-local-210-c5-image\" alt=\"\" \/>\n                      <div class=\"h-image__frame h-hide-lg h-hide-md h-hide-sm style-271-frameImage style-local-210-c5-frameImage\"><\/div>\n                    <\/div>\n                  <\/div>\n                <\/div>\n                <div data-colibri-id=\"210-c6\" class=\"h-row-container gutters-row-lg-0 gutters-row-md-0 gutters-row-2 gutters-row-v-lg-0 gutters-row-v-md-0 gutters-row-v-2 style-272 style-local-210-c6 position-relative\">\n                  <!---->\n                  <div class=\"h-row justify-content-lg-center justify-content-md-center justify-content-center align-items-lg-stretch align-items-md-stretch align-items-stretch gutters-col-lg-0 gutters-col-md-0 gutters-col-2 gutters-col-v-lg-0 gutters-col-v-md-0 gutters-col-v-2\">\n                    <!---->\n                    <div class=\"h-column h-column-container d-flex h-col-lg-auto h-col-md-auto h-col-auto style-273-outer style-local-210-c7-outer\">\n                      <div data-colibri-id=\"210-c7\" class=\"d-flex h-flex-basis h-column__inner h-px-lg-2 h-px-md-3 h-px-2 v-inner-lg-2 v-inner-md-3 v-inner-2 style-273 style-local-210-c7 position-relative\">\n                        <!---->\n                        <!---->\n                        <div class=\"w-100 h-y-container h-column__content h-column__v-align flex-basis-100 align-self-lg-start align-self-md-start align-self-start\">\n                          <!---->\n                          <div data-colibri-id=\"210-c8\" class=\"h-global-transition-all h-heading style-274 style-local-210-c8 position-relative h-element\">\n                            <!---->\n                            <div class=\"h-heading__outer style-274 style-local-210-c8\">\n                              <!---->\n                              <!---->\n                              <h4 class=\"\">SEURAVALMENNUS<\/h4>\n                            <\/div>\n                          <\/div>\n                          <div data-colibri-id=\"210-c9\" class=\"h-text h-text-component style-275 style-local-210-c9 position-relative h-element\">\n                            <!---->\n                            <!---->\n                            <div class=\"\">\n                              <p><strong>IHSC SEURAVALMENNUS |<\/strong>&nbsp;IH Sport &amp; Consulting tarjoaa uintiseuroille valmennusta.\u200b<\/p>\n                              <p>Valmennus r\u00e4\u00e4t\u00e4l\u00f6id\u00e4\u00e4n aina tapauskohtaisesti. Valmennus voi olla \u2026\u200b\n                                <br>\n                                <br>\n                              <\/p>\n                            <\/div>\n                          <\/div>\n                        <\/div>\n                      <\/div>\n                    <\/div>\n                  <\/div>\n                <\/div>\n                <div data-colibri-id=\"210-c10\" class=\"h-x-container style-276 style-local-210-c10 position-relative h-element\">\n                  <!---->\n                  <div class=\"h-x-container-inner style-dynamic-210-c10-group style-276-spacing style-local-210-c10-spacing\"><span class=\"h-link__outer style-277-outer style-local-210-c11-outer d-inline-flex h-element\"><a h-use-smooth-scroll=\"true\" href=\"https:\/\/uusi.ihsc.fi\/?page_id=998\"  data-colibri-id=\"210-c11\" class=\"d-flex w-100 align-items-center h-link style-277 style-local-210-c11 position-relative\"><!----><!----> <span>Katso lis\u00e4\u00e4<\/span>                    <span class=\"h-svg-icon h-link__icon style-277-icon style-local-210-c11-icon\"><!--Icon by Icons8 Line Awesome (https:\/\/icons8.com\/line-awesome)--><svg version=\"1.1\" xmlns=\"http:\/\/www.w3.org\/2000\/svg\" xmlns:xlink=\"http:\/\/www.w3.org\/1999\/xlink\" id=\"angle-double-right\" viewBox=\"0 0 512 545.5\"><path d=\"M145.5 108.5l168 168L325 288l-11.5 11.5-168 168-22.5-23L279.5 288 123 131.5zm112 0l168 168L437 288l-11.5 11.5-168 168-22.5-23L391.5 288 235 131.5z\"><\/path><\/svg><\/span><\/a>\n                    <\/span>\n                  <\/div>\n                <\/div>\n              <\/div>\n            <\/div>\n          <\/div>\n          <div class=\"h-column h-column-container d-flex h-col-lg-4 h-col-md-6 h-col-12 style-270-outer style-local-210-c12-outer\">\n            <div data-colibri-id=\"210-c12\" class=\"d-flex h-flex-basis h-column__inner h-px-lg-0 h-px-md-0 h-px-0 v-inner-lg-0 v-inner-md-0 v-inner-0 style-270 style-local-210-c12 position-relative\">\n              <!---->\n              <!---->\n              <div class=\"w-100 h-y-container h-column__content h-column__v-align flex-basis-100 align-self-lg-start align-self-md-start align-self-start\">\n                <!---->\n                <div data-colibri-id=\"210-c13\" class=\"d-block style-271 style-local-210-c13 position-relative h-element\">\n                  <!---->\n                  <div class=\"h-image__frame-container-outer\">\n                    <div class=\"h-image__frame-container\">\n                      <!---->\n                      <!---->\n                      <img loading=\"lazy\" decoding=\"async\" width=\"1000\" height=\"750\" src=\"https:\/\/ihsc.fi\/wp-content\/uploads\/2022\/11\/kuva7.png\" class=\"wp-image-391 style-271-image style-local-210-c13-image\" alt=\"\" \/>\n                      <div class=\"h-image__frame h-hide-lg h-hide-md h-hide-sm style-271-frameImage style-local-210-c13-frameImage\"><\/div>\n                    <\/div>\n                  <\/div>\n                <\/div>\n                <div data-colibri-id=\"210-c14\" class=\"h-row-container gutters-row-lg-0 gutters-row-md-0 gutters-row-2 gutters-row-v-lg-0 gutters-row-v-md-0 gutters-row-v-2 style-272 style-local-210-c14 position-relative\">\n                  <!---->\n                  <div class=\"h-row justify-content-lg-center justify-content-md-center justify-content-center align-items-lg-stretch align-items-md-stretch align-items-stretch gutters-col-lg-0 gutters-col-md-0 gutters-col-2 gutters-col-v-lg-0 gutters-col-v-md-0 gutters-col-v-2\">\n                    <!---->\n                    <div class=\"h-column h-column-container d-flex h-col-lg-auto h-col-md-auto h-col-auto style-273-outer style-local-210-c15-outer\">\n                      <div data-colibri-id=\"210-c15\" class=\"d-flex h-flex-basis h-column__inner h-px-lg-2 h-px-md-3 h-px-2 v-inner-lg-2 v-inner-md-3 v-inner-2 style-273 style-local-210-c15 position-relative\">\n                        <!---->\n                        <!---->\n                        <div class=\"w-100 h-y-container h-column__content h-column__v-align flex-basis-100 align-self-lg-start align-self-md-start align-self-start\">\n                          <!---->\n                          <div data-colibri-id=\"210-c16\" class=\"h-global-transition-all h-heading style-274 style-local-210-c16 position-relative h-element\">\n                            <!---->\n                            <div class=\"h-heading__outer style-274 style-local-210-c16\">\n                              <!---->\n                              <!---->\n                              <h4 class=\"\">HENKIL\u00d6KOHTAINEN VALMENNUS\u200b<\/h4>\n                            <\/div>\n                          <\/div>\n                          <div data-colibri-id=\"210-c17\" class=\"h-text h-text-component style-275 style-local-210-c17 position-relative h-element\">\n                            <!---->\n                            <!---->\n                            <div class=\"\">\n                              <p><strong>IHSC HENKIL\u00d6KOHTAINEN VALMENNUS |<\/strong> IH Sport &amp; Consulting tarjoaa urheilijoille henkil\u00f6kohtaista valmennusta.\u200b<\/p>\n                              <p>Valmennus r\u00e4\u00e4t\u00e4l\u00f6id\u00e4\u00e4n aina tapauskohtaisesti. Valmennus voi olla \u2026\u200b<\/p>\n                            <\/div>\n                          <\/div>\n                        <\/div>\n                      <\/div>\n                    <\/div>\n                  <\/div>\n                <\/div>\n                <div data-colibri-id=\"210-c18\" class=\"h-x-container style-276 style-local-210-c18 position-relative h-element\">\n                  <!---->\n                  <div class=\"h-x-container-inner style-dynamic-210-c18-group style-276-spacing style-local-210-c18-spacing\"><span class=\"h-link__outer style-277-outer style-local-210-c19-outer d-inline-flex h-element\"><a h-use-smooth-scroll=\"true\" href=\"https:\/\/uusi.ihsc.fi\/?page_id=1043\"  data-colibri-id=\"210-c19\" class=\"d-flex w-100 align-items-center h-link style-277 style-local-210-c19 position-relative\"><!----><!----> <span>Katso lis\u00e4\u00e4<\/span>                    <span class=\"h-svg-icon h-link__icon style-277-icon style-local-210-c19-icon\"><!--Icon by Icons8 Line Awesome (https:\/\/icons8.com\/line-awesome)--><svg version=\"1.1\" xmlns=\"http:\/\/www.w3.org\/2000\/svg\" xmlns:xlink=\"http:\/\/www.w3.org\/1999\/xlink\" id=\"angle-double-right\" viewBox=\"0 0 512 545.5\"><path d=\"M145.5 108.5l168 168L325 288l-11.5 11.5-168 168-22.5-23L279.5 288 123 131.5zm112 0l168 168L437 288l-11.5 11.5-168 168-22.5-23L391.5 288 235 131.5z\"><\/path><\/svg><\/span><\/a>\n                    <\/span>\n                  <\/div>\n                <\/div>\n              <\/div>\n            <\/div>\n          <\/div>\n          <div class=\"h-column h-column-container d-flex h-col-lg-4 h-col-md-6 h-col-12 style-270-outer style-local-210-c20-outer\">\n            <div data-colibri-id=\"210-c20\" class=\"d-flex h-flex-basis h-column__inner h-px-lg-0 h-px-md-0 h-px-0 v-inner-lg-0 v-inner-md-0 v-inner-0 style-270 style-local-210-c20 position-relative\">\n              <!---->\n              <!---->\n              <div class=\"w-100 h-y-container h-column__content h-column__v-align flex-basis-100 align-self-lg-start align-self-md-start align-self-start\">\n                <!---->\n                <div data-colibri-id=\"210-c21\" class=\"d-block style-271 style-local-210-c21 position-relative h-element\">\n                  <!---->\n                  <div class=\"h-image__frame-container-outer\">\n                    <div class=\"h-image__frame-container\">\n                      <!---->\n                      <!---->\n                      <img loading=\"lazy\" decoding=\"async\" width=\"1000\" height=\"750\" src=\"https:\/\/ihsc.fi\/wp-content\/uploads\/2022\/11\/kuva5.png\" class=\"wp-image-393 style-271-image style-local-210-c21-image\" alt=\"\" \/>\n                      <div class=\"h-image__frame h-hide-lg h-hide-md h-hide-sm style-271-frameImage style-local-210-c21-frameImage\"><\/div>\n                    <\/div>\n                  <\/div>\n                <\/div>\n                <div data-colibri-id=\"210-c22\" class=\"h-row-container gutters-row-lg-0 gutters-row-md-0 gutters-row-2 gutters-row-v-lg-0 gutters-row-v-md-0 gutters-row-v-2 style-272 style-local-210-c22 position-relative\">\n                  <!---->\n                  <div class=\"h-row justify-content-lg-center justify-content-md-center justify-content-center align-items-lg-stretch align-items-md-stretch align-items-stretch gutters-col-lg-0 gutters-col-md-0 gutters-col-2 gutters-col-v-lg-0 gutters-col-v-md-0 gutters-col-v-2\">\n                    <!---->\n                    <div class=\"h-column h-column-container d-flex h-col-lg-auto h-col-md-auto h-col-auto style-273-outer style-local-210-c23-outer\">\n                      <div data-colibri-id=\"210-c23\" class=\"d-flex h-flex-basis h-column__inner h-px-lg-2 h-px-md-3 h-px-2 v-inner-lg-2 v-inner-md-3 v-inner-2 style-273 style-local-210-c23 position-relative\">\n                        <!---->\n                        <!---->\n                        <div class=\"w-100 h-y-container h-column__content h-column__v-align flex-basis-100 align-self-lg-start align-self-md-start align-self-start\">\n                          <!---->\n                          <div data-colibri-id=\"210-c24\" class=\"h-global-transition-all h-heading style-274 style-local-210-c24 position-relative h-element\">\n                            <!---->\n                            <div class=\"h-heading__outer style-274 style-local-210-c24\">\n                              <!---->\n                              <!---->\n                              <h4 class=\"\">LEIRITYKSET<\/h4>\n                            <\/div>\n                          <\/div>\n                          <div data-colibri-id=\"210-c25\" class=\"h-text h-text-component style-275 style-local-210-c25 position-relative h-element\">\n                            <!---->\n                            <!---->\n                            <div class=\"\">\n                              <p><strong>IHSC LEIRIVALMENNUS |<\/strong> IH Sport &amp; Consulting tarjoaa urheilijoille ja valmennusryhmille leirivalmennuspaketteja.\u200b<\/p>\n                              <p>Leirivalmennuspaketti r\u00e4\u00e4t\u00e4l\u00f6id\u00e4\u00e4n aina leirikohtaisesti.\u200b<\/p>\n                            <\/div>\n                          <\/div>\n                        <\/div>\n                      <\/div>\n                    <\/div>\n                  <\/div>\n                <\/div>\n                <div data-colibri-id=\"210-c26\" class=\"h-x-container style-276 style-local-210-c26 position-relative h-element\">\n                  <!---->\n                  <div class=\"h-x-container-inner style-dynamic-210-c26-group style-276-spacing style-local-210-c26-spacing\"><span class=\"h-link__outer style-277-outer style-local-210-c27-outer d-inline-flex h-element\"><a h-use-smooth-scroll=\"true\" href=\"https:\/\/uusi.ihsc.fi\/?page_id=1028\"  data-colibri-id=\"210-c27\" class=\"d-flex w-100 align-items-center h-link style-277 style-local-210-c27 position-relative\"><!----><!----> <span>Katso lis\u00e4\u00e4<\/span>                    <span class=\"h-svg-icon h-link__icon style-277-icon style-local-210-c27-icon\"><!--Icon by Icons8 Line Awesome (https:\/\/icons8.com\/line-awesome)--><svg version=\"1.1\" xmlns=\"http:\/\/www.w3.org\/2000\/svg\" xmlns:xlink=\"http:\/\/www.w3.org\/1999\/xlink\" id=\"angle-double-right\" viewBox=\"0 0 512 545.5\"><path d=\"M145.5 108.5l168 168L325 288l-11.5 11.5-168 168-22.5-23L279.5 288 123 131.5zm112 0l168 168L437 288l-11.5 11.5-168 168-22.5-23L391.5 288 235 131.5z\"><\/path><\/svg><\/span><\/a>\n                    <\/span>\n                  <\/div>\n                <\/div>\n              <\/div>\n            <\/div>\n          <\/div>\n        <\/div>\n      <\/div>\n    <\/div>\n  <\/div>\n<\/div>","protected":false},"excerpt":{"rendered":"<p>SEURAVALMENNUS IHSC SEURAVALMENNUS |&nbsp;IH Sport &amp; Consulting tarjoaa uintiseuroille valmennusta.\u200b Valmennus r\u00e4\u00e4t\u00e4l\u00f6id\u00e4\u00e4n aina tapauskohtaisesti. Valmennus voi olla \u2026\u200b Katso lis\u00e4\u00e4 HENKIL\u00d6KOHTAINEN VALMENNUS\u200b IHSC HENKIL\u00d6KOHTAINEN VALMENNUS | IH Sport &amp; Consulting tarjoaa urheilijoille henkil\u00f6kohtaista valmennusta.\u200b Valmennus r\u00e4\u00e4t\u00e4l\u00f6id\u00e4\u00e4n aina tapauskohtaisesti. Valmennus voi olla \u2026\u200b Katso lis\u00e4\u00e4 LEIRITYKSET IHSC LEIRIVALMENNUS | IH Sport &amp; Consulting tarjoaa urheilijoille ja [&hellip;]<\/p>\n","protected":false},"author":1,"featured_media":0,"parent":0,"menu_order":0,"comment_status":"closed","ping_status":"closed","template":"page-templates\/full-width-page.php","meta":{"footnotes":""},"class_list":["post-210","page","type-page","status-publish","hentry"],"_links":{"self":[{"href":"https:\/\/uusi.ihsc.fi\/index.php?rest_route=\/wp\/v2\/pages\/210","targetHints":{"allow":["GET"]}}],"collection":[{"href":"https:\/\/uusi.ihsc.fi\/index.php?rest_route=\/wp\/v2\/pages"}],"about":[{"href":"https:\/\/uusi.ihsc.fi\/index.php?rest_route=\/wp\/v2\/types\/page"}],"author":[{"embeddable":true,"href":"https:\/\/uusi.ihsc.fi\/index.php?rest_route=\/wp\/v2\/users\/1"}],"replies":[{"embeddable":true,"href":"https:\/\/uusi.ihsc.fi\/index.php?rest_route=%2Fwp%2Fv2%2Fcomments&post=210"}],"version-history":[{"count":12,"href":"https:\/\/uusi.ihsc.fi\/index.php?rest_route=\/wp\/v2\/pages\/210\/revisions"}],"predecessor-version":[{"id":1129,"href":"https:\/\/uusi.ihsc.fi\/index.php?rest_route=\/wp\/v2\/pages\/210\/revisions\/1129"}],"wp:attachment":[{"href":"https:\/\/uusi.ihsc.fi\/index.php?rest_route=%2Fwp%2Fv2%2Fmedia&parent=210"}],"curies":[{"name":"wp","href":"https:\/\/api.w.org\/{rel}","templated":true}]}}