{"id":998,"date":"2024-04-27T14:06:40","date_gmt":"2024-04-27T14:06:40","guid":{"rendered":"https:\/\/ihsc.fi\/?page_id=998"},"modified":"2024-05-19T18:43:10","modified_gmt":"2024-05-19T18:43:10","slug":"colibri-998","status":"publish","type":"page","link":"https:\/\/uusi.ihsc.fi\/?page_id=998","title":{"rendered":"seuravalm"},"content":{"rendered":"<div data-colibri-id=\"998-c1\" class=\"style-434 style-local-998-c1 position-relative\">\n  <!---->\n  <div data-colibri-component=\"section\" data-colibri-id=\"998-c2\" id=\"custom\" class=\"h-section h-section-global-spacing d-flex align-items-lg-center align-items-md-center align-items-center style-435 style-local-998-c2 position-relative\">\n    <!---->\n    <!---->\n    <div class=\"h-section-grid-container h-section-boxed-container\">\n      <!---->\n      <div data-colibri-id=\"998-c3\" class=\"h-row-container gutters-row-lg-2 gutters-row-md-2 gutters-row-0 gutters-row-v-lg-2 gutters-row-v-md-2 gutters-row-v-2 style-436 style-local-998-c3 position-relative\">\n        <!---->\n        <div class=\"h-row justify-content-lg-center justify-content-md-center justify-content-center align-items-lg-stretch align-items-md-stretch align-items-stretch gutters-col-lg-2 gutters-col-md-2 gutters-col-0 gutters-col-v-lg-2 gutters-col-v-md-2 gutters-col-v-2\">\n          <!---->\n          <div class=\"h-column h-column-container d-flex h-col-lg-auto h-col-md-auto h-col-auto style-437-outer style-local-998-c4-outer\">\n            <div data-colibri-id=\"998-c4\" class=\"d-flex h-flex-basis h-column__inner h-px-lg-2 h-px-md-2 h-px-2 v-inner-lg-2 v-inner-md-2 v-inner-2 style-437 style-local-998-c4 position-relative\">\n              <!---->\n              <!---->\n              <div class=\"w-100 h-y-container h-column__content h-column__v-align flex-basis-100 align-self-lg-start align-self-md-start align-self-start\">\n                <!---->\n                <div data-colibri-id=\"998-c5\" class=\"d-block style-439 style-local-998-c5 position-relative h-element\">\n                  <!---->\n                  <div class=\"h-image__frame-container-outer\">\n                    <div class=\"h-image__frame-container\">\n                      <!---->\n                      <!---->\n                      <img loading=\"lazy\" decoding=\"async\" width=\"1000\" height=\"750\" src=\"https:\/\/ihsc.fi\/wp-content\/uploads\/2022\/12\/kuva1-1.jpg\" class=\"wp-image-402 style-439-image style-local-998-c5-image\" alt=\"\" \/>\n                      <div class=\"h-image__frame h-hide-lg h-hide-md h-hide-sm style-439-frameImage style-local-998-c5-frameImage\"><\/div>\n                    <\/div>\n                  <\/div>\n                <\/div>\n                <div data-colibri-id=\"998-c6\" class=\"d-block style-447 style-local-998-c6 position-relative h-element\">\n                  <!---->\n                  <div class=\"h-image__frame-container-outer\">\n                    <div class=\"h-image__frame-container\">\n                      <!---->\n                      <!---->\n                      <img loading=\"lazy\" decoding=\"async\" width=\"1000\" height=\"750\" src=\"https:\/\/ihsc.fi\/wp-content\/uploads\/2022\/12\/kuva9.png\" class=\"wp-image-403 style-447-image style-local-998-c6-image\" alt=\"\" \/>\n                      <div class=\"h-image__frame h-hide-lg h-hide-md h-hide-sm style-447-frameImage style-local-998-c6-frameImage\"><\/div>\n                    <\/div>\n                  <\/div>\n                <\/div>\n              <\/div>\n            <\/div>\n          <\/div>\n          <div class=\"h-column h-column-container d-flex h-col-lg-auto h-col-md-auto h-col-auto style-438-outer style-local-998-c7-outer\">\n            <div data-colibri-id=\"998-c7\" class=\"d-flex h-flex-basis h-column__inner h-px-lg-2 h-px-md-2 h-px-2 v-inner-lg-2 v-inner-md-2 v-inner-2 style-438 style-local-998-c7 position-relative\">\n              <!---->\n              <!---->\n              <div class=\"w-100 h-y-container h-column__content h-column__v-align flex-basis-100 align-self-lg-start align-self-md-start align-self-start\">\n                <!---->\n                <div data-colibri-id=\"998-c8\" class=\"h-text h-text-component style-440 style-local-998-c8 position-relative h-element\">\n                  <!---->\n                  <!---->\n                  <div class=\"\">\n                    <p><strong style=\"font-family: Calibri, Calibri_EmbeddedFont, Calibri_MSFontService, sans-serif; font-size: 20pt; color: rgb(255, 255, 255);\">SEURAVALMENNUS<\/strong><span style=\"font-family: Calibri, Calibri_EmbeddedFont, Calibri_MSFontService, sans-serif; font-size: 20pt;\">\u200b<\/span>\n                      <span\n                        style=\"font-family: Calibri, Calibri_EmbeddedFont, Calibri_MSFontService, sans-serif; font-size: 16pt;\">\u200b<\/span>\n                    <\/p>\n                    <p><span style=\"font-family: Calibri, Calibri_EmbeddedFont, Calibri_MSFontService, sans-serif; font-size: 16pt; color: rgb(255, 255, 255);\">Seuravalmennus r\u00e4\u00e4t\u00e4l\u00f6id\u00e4\u00e4n aina seurakohtaisesti yhdess\u00e4 seuran&nbsp;kanssa.<\/span><span style=\"font-family: Calibri, Calibri_EmbeddedFont, Calibri_MSFontService, sans-serif; font-size: 16pt;\">\u200b<\/span><\/p>\n                    <p><span style=\"font-family: Calibri, Calibri_EmbeddedFont, Calibri_MSFontService, sans-serif; font-size: 16pt; color: rgb(255, 255, 255);\">Seuravalmennus voi olla<\/span><span style=\"font-family: Calibri, Calibri_EmbeddedFont, Calibri_MSFontService, sans-serif; font-size: 16pt;\">\u200b<\/span><\/p>\n                    <ul>\n                      <li><span style=\"font-family: Calibri, Calibri_EmbeddedFont, Calibri_MSFontService, sans-serif; font-size: 16pt; color: rgb(255, 255, 255);\">Seuran valmennustoiminnan koordinoimista ja kehitt\u00e4mist\u00e4<\/span><span style=\"font-family: Calibri, Calibri_EmbeddedFont, Calibri_MSFontService, sans-serif; font-size: 16pt;\">\u200b<\/span><\/li>\n                      <li><span style=\"font-family: Calibri, Calibri_EmbeddedFont, Calibri_MSFontService, sans-serif; font-size: 16pt; color: rgb(255, 255, 255);\">Seuran ryhm\u00e4n tai ryhmien valmennuksen suunnittelua&nbsp;(kausisuunnitelma, viikkosuunnitelma, harjoitusohjelmat jne.) ja&nbsp;valmennusta<\/span>\n                        <span\n                          style=\"font-family: Calibri, Calibri_EmbeddedFont, Calibri_MSFontService, sans-serif; font-size: 16pt;\">\u200b<\/span>\n                      <\/li>\n                    <\/ul>\n                    <p><span style=\"font-family: Calibri, Calibri_EmbeddedFont, Calibri_MSFontService, sans-serif; font-size: 16pt; color: rgb(255, 255, 255);\">Esimerkkej\u00e4 hinnoista<\/span><span style=\"font-family: Calibri, Calibri_EmbeddedFont, Calibri_MSFontService, sans-serif; font-size: 16pt;\">\u200b<\/span><\/p>\n                    <ul>\n                      <li><span style=\"font-family: Calibri, Calibri_EmbeddedFont, Calibri_MSFontService, sans-serif; font-size: 16pt; color: rgb(255, 255, 255);\">Seuran valmennuksen koordinointi ja kehitt\u00e4minen<\/span><span style=\"font-family: Calibri, Calibri_EmbeddedFont, Calibri_MSFontService, sans-serif; font-size: 16pt;\">\u200b<\/span><\/li>\n                      <li\n                        class=\"ql-indent-1\"><span style=\"font-family: Calibri, Calibri_EmbeddedFont, Calibri_MSFontService, sans-serif; font-size: 16pt; color: rgb(255, 255, 255);\">30 h \/ viikko (10 h suunnittelu ja 20 h valmennus)<\/span><span style=\"font-family: Calibri, Calibri_EmbeddedFont, Calibri_MSFontService, sans-serif; font-size: 16pt;\">\u200b<br><\/span>\n                        <span\n                          style=\"font-family: Calibri, Calibri_EmbeddedFont, Calibri_MSFontService, sans-serif; font-size: 20pt; color: rgb(255, 255, 255);\">4 100,00 \u20ac \/ kuukausi&nbsp;<\/span><span style=\"font-family: Calibri, Calibri_EmbeddedFont, Calibri_MSFontService, sans-serif; font-size: 16pt; color: rgb(255, 255, 255);\">(sis. alv)<\/span><span style=\"font-family: Calibri, Calibri_EmbeddedFont, Calibri_MSFontService, sans-serif; font-size: 16pt;\">\u200b<\/span><\/li>\n                          <li\n                            class=\"ql-indent-1\"><span style=\"font-family: Calibri, Calibri_EmbeddedFont, Calibri_MSFontService, sans-serif; font-size: 16pt; color: rgb(255, 255, 255);\">10 h \/ viikko et\u00e4ohjaus, 1 h \/ viikko puhelinohjaus ja 1 krt&nbsp;kuukaudessa (viikonloppu) paikanp\u00e4\u00e4ll\u00e4 valmennus<\/span>\n                            <span\n                              style=\"font-family: Calibri, Calibri_EmbeddedFont, Calibri_MSFontService, sans-serif; font-size: 16pt;\">\u200b\n                              <br>\n                              <\/span><span style=\"font-family: Calibri, Calibri_EmbeddedFont, Calibri_MSFontService, sans-serif; font-size: 20pt; color: rgb(255, 255, 255);\">2 200,00 \u20ac \/ kuukausi&nbsp;<\/span><span style=\"font-family: Calibri, Calibri_EmbeddedFont, Calibri_MSFontService, sans-serif; font-size: 16pt; color: rgb(255, 255, 255);\">(sis. alv)<\/span>\n                              <span\n                                style=\"font-family: Calibri, Calibri_EmbeddedFont, Calibri_MSFontService, sans-serif; font-size: 16pt;\">\u200b<\/span>\n                                <\/li>\n                                <li><span style=\"font-family: Calibri, Calibri_EmbeddedFont, Calibri_MSFontService, sans-serif; font-size: 16pt; color: rgb(255, 255, 255);\">Seuran ryhm\u00e4n harjoitussuunnitelmat (kausisuunnitelma,&nbsp;viikkosuunnitelmat ja harjoitusohjelmat<\/span>\n                                  <span\n                                    style=\"font-family: Calibri, Calibri_EmbeddedFont, Calibri_MSFontService, sans-serif; font-size: 16pt;\">\u200b<\/span>\n                                <\/li>\n                                <li class=\"ql-indent-1\"><span style=\"font-family: Calibri, Calibri_EmbeddedFont, Calibri_MSFontService, sans-serif; font-size: 16pt; color: rgb(255, 255, 255);\">5 h \/ viikko et\u00e4valmennus, 1 h \/ viikko puhelinohjaus ja 1 krt&nbsp;kuukaudessa (viikonloppu) paikanp\u00e4\u00e4ll\u00e4 valmennus<\/span>\n                                  <span\n                                    style=\"font-family: Calibri, Calibri_EmbeddedFont, Calibri_MSFontService, sans-serif; font-size: 16pt;\">\u200b\n                                    <br>\n                                    <\/span><span style=\"font-family: Calibri, Calibri_EmbeddedFont, Calibri_MSFontService, sans-serif; font-size: 20pt; color: rgb(255, 255, 255);\">1 700,00 \u20ac \/ kuukausi<\/span><span style=\"font-family: Calibri, Calibri_EmbeddedFont, Calibri_MSFontService, sans-serif; font-size: 16pt; color: rgb(255, 255, 255);\">&nbsp;(sis. alv)<\/span>\n                                    <span\n                                      style=\"font-family: Calibri, Calibri_EmbeddedFont, Calibri_MSFontService, sans-serif; font-size: 16pt;\">\u200b<\/span>\n                                <\/li>\n                    <\/ul>\n                    <p>\n                      <br>\n                    <\/p>\n                  <\/div>\n                <\/div>\n                <div data-colibri-id=\"998-c9\" class=\"h-x-container style-525 style-local-998-c9 position-relative h-element\">\n                  <!---->\n                  <div class=\"h-x-container-inner style-dynamic-998-c9-group style-525-spacing style-local-998-c9-spacing\"><span class=\"h-button__outer style-526-outer style-local-998-c10-outer d-inline-flex h-element\"><a h-use-smooth-scroll=\"true\" href=\"https:\/\/uusi.ihsc.fi\/\"  data-colibri-id=\"998-c10\" class=\"d-flex w-100 align-items-center h-button justify-content-lg-center justify-content-md-center justify-content-center style-526 style-local-998-c10 position-relative\"><!----><!----> <span>Takaisin<\/span><\/a>\n                    <\/span>\n                  <\/div>\n                <\/div>\n              <\/div>\n            <\/div>\n          <\/div>\n        <\/div>\n      <\/div>\n    <\/div>\n  <\/div>\n<\/div>","protected":false},"excerpt":{"rendered":"<p>SEURAVALMENNUS\u200b \u200b Seuravalmennus r\u00e4\u00e4t\u00e4l\u00f6id\u00e4\u00e4n aina seurakohtaisesti yhdess\u00e4 seuran&nbsp;kanssa.\u200b Seuravalmennus voi olla\u200b Seuran valmennustoiminnan koordinoimista ja kehitt\u00e4mist\u00e4\u200b Seuran ryhm\u00e4n tai ryhmien valmennuksen suunnittelua&nbsp;(kausisuunnitelma, viikkosuunnitelma, harjoitusohjelmat jne.) ja&nbsp;valmennusta \u200b Esimerkkej\u00e4 hinnoista\u200b Seuran valmennuksen koordinointi ja kehitt\u00e4minen\u200b 30 h \/ viikko (10 h suunnittelu ja 20 h valmennus)\u200b 4 100,00 \u20ac \/ kuukausi&nbsp;(sis. alv)\u200b 10 h \/ viikko [&hellip;]<\/p>\n","protected":false},"author":1,"featured_media":0,"parent":0,"menu_order":0,"comment_status":"closed","ping_status":"closed","template":"page-templates\/full-width-page.php","meta":{"footnotes":""},"class_list":["post-998","page","type-page","status-publish","hentry"],"_links":{"self":[{"href":"https:\/\/uusi.ihsc.fi\/index.php?rest_route=\/wp\/v2\/pages\/998","targetHints":{"allow":["GET"]}}],"collection":[{"href":"https:\/\/uusi.ihsc.fi\/index.php?rest_route=\/wp\/v2\/pages"}],"about":[{"href":"https:\/\/uusi.ihsc.fi\/index.php?rest_route=\/wp\/v2\/types\/page"}],"author":[{"embeddable":true,"href":"https:\/\/uusi.ihsc.fi\/index.php?rest_route=\/wp\/v2\/users\/1"}],"replies":[{"embeddable":true,"href":"https:\/\/uusi.ihsc.fi\/index.php?rest_route=%2Fwp%2Fv2%2Fcomments&post=998"}],"version-history":[{"count":13,"href":"https:\/\/uusi.ihsc.fi\/index.php?rest_route=\/wp\/v2\/pages\/998\/revisions"}],"predecessor-version":[{"id":1248,"href":"https:\/\/uusi.ihsc.fi\/index.php?rest_route=\/wp\/v2\/pages\/998\/revisions\/1248"}],"wp:attachment":[{"href":"https:\/\/uusi.ihsc.fi\/index.php?rest_route=%2Fwp%2Fv2%2Fmedia&parent=998"}],"curies":[{"name":"wp","href":"https:\/\/api.w.org\/{rel}","templated":true}]}}